{"id":9657,"date":"2021-11-28T18:50:02","date_gmt":"2021-11-28T17:50:02","guid":{"rendered":"https:\/\/probono-rechtsberatung.de\/imprint\/"},"modified":"2026-04-20T17:23:15","modified_gmt":"2026-04-20T15:23:15","slug":"imprint","status":"publish","type":"page","link":"https:\/\/probono-rechtsberatung.de\/en\/imprint\/","title":{"rendered":"Imprint"},"content":{"rendered":"\t\t<div data-elementor-type=\"wp-page\" data-elementor-id=\"9657\" class=\"elementor elementor-9657 elementor-492\" data-elementor-settings=\"{&quot;element_pack_global_tooltip_width&quot;:{&quot;unit&quot;:&quot;px&quot;,&quot;size&quot;:&quot;&quot;,&quot;sizes&quot;:[]},&quot;element_pack_global_tooltip_width_tablet&quot;:{&quot;unit&quot;:&quot;px&quot;,&quot;size&quot;:&quot;&quot;,&quot;sizes&quot;:[]},&quot;element_pack_global_tooltip_width_mobile&quot;:{&quot;unit&quot;:&quot;px&quot;,&quot;size&quot;:&quot;&quot;,&quot;sizes&quot;:[]},&quot;element_pack_global_tooltip_padding&quot;:{&quot;unit&quot;:&quot;px&quot;,&quot;top&quot;:&quot;&quot;,&quot;right&quot;:&quot;&quot;,&quot;bottom&quot;:&quot;&quot;,&quot;left&quot;:&quot;&quot;,&quot;isLinked&quot;:true},&quot;element_pack_global_tooltip_padding_tablet&quot;:{&quot;unit&quot;:&quot;px&quot;,&quot;top&quot;:&quot;&quot;,&quot;right&quot;:&quot;&quot;,&quot;bottom&quot;:&quot;&quot;,&quot;left&quot;:&quot;&quot;,&quot;isLinked&quot;:true},&quot;element_pack_global_tooltip_padding_mobile&quot;:{&quot;unit&quot;:&quot;px&quot;,&quot;top&quot;:&quot;&quot;,&quot;right&quot;:&quot;&quot;,&quot;bottom&quot;:&quot;&quot;,&quot;left&quot;:&quot;&quot;,&quot;isLinked&quot;:true},&quot;element_pack_global_tooltip_border_radius&quot;:{&quot;unit&quot;:&quot;px&quot;,&quot;top&quot;:&quot;&quot;,&quot;right&quot;:&quot;&quot;,&quot;bottom&quot;:&quot;&quot;,&quot;left&quot;:&quot;&quot;,&quot;isLinked&quot;:true},&quot;element_pack_global_tooltip_border_radius_tablet&quot;:{&quot;unit&quot;:&quot;px&quot;,&quot;top&quot;:&quot;&quot;,&quot;right&quot;:&quot;&quot;,&quot;bottom&quot;:&quot;&quot;,&quot;left&quot;:&quot;&quot;,&quot;isLinked&quot;:true},&quot;element_pack_global_tooltip_border_radius_mobile&quot;:{&quot;unit&quot;:&quot;px&quot;,&quot;top&quot;:&quot;&quot;,&quot;right&quot;:&quot;&quot;,&quot;bottom&quot;:&quot;&quot;,&quot;left&quot;:&quot;&quot;,&quot;isLinked&quot;:true}}\" data-elementor-post-type=\"page\">\n\t\t\t\t\t\t<section class=\"elementor-section elementor-top-section elementor-element elementor-element-5f33dce elementor-section-boxed elementor-section-height-default elementor-section-height-default\" data-id=\"5f33dce\" data-element_type=\"section\" data-e-type=\"section\">\n\t\t\t\t\t\t<div class=\"elementor-container elementor-column-gap-default\">\n\t\t\t\t\t<div class=\"elementor-column elementor-col-100 elementor-top-column elementor-element elementor-element-2697bb8\" data-id=\"2697bb8\" data-element_type=\"column\" data-e-type=\"column\">\n\t\t\t<div class=\"elementor-widget-wrap elementor-element-populated\">\n\t\t\t\t\t\t<div class=\"elementor-element elementor-element-b56e028 elementor-widget-divider--view-line elementor-widget elementor-widget-divider\" data-id=\"b56e028\" data-element_type=\"widget\" data-e-type=\"widget\" id=\"kopf\" data-widget_type=\"divider.default\">\n\t\t\t\t<div class=\"elementor-widget-container\">\n\t\t\t\t\t\t\t<div class=\"elementor-divider\">\n\t\t\t<span class=\"elementor-divider-separator\">\n\t\t\t\t\t\t<\/span>\n\t\t<\/div>\n\t\t\t\t\t\t<\/div>\n\t\t\t\t<\/div>\n\t\t\t\t\t<\/div>\n\t\t<\/div>\n\t\t\t\t\t<\/div>\n\t\t<\/section>\n\t\t\t\t<section class=\"elementor-section elementor-top-section elementor-element elementor-element-16d5746 elementor-section-boxed elementor-section-height-default elementor-section-height-default\" data-id=\"16d5746\" data-element_type=\"section\" data-e-type=\"section\">\n\t\t\t\t\t\t<div class=\"elementor-container elementor-column-gap-default\">\n\t\t\t\t\t<div class=\"elementor-column elementor-col-100 elementor-top-column elementor-element elementor-element-af9c7d2\" data-id=\"af9c7d2\" data-element_type=\"column\" data-e-type=\"column\">\n\t\t\t<div class=\"elementor-widget-wrap elementor-element-populated\">\n\t\t\t\t\t\t<div class=\"elementor-element elementor-element-a633340 elementor-widget elementor-widget-text-editor\" data-id=\"a633340\" data-element_type=\"widget\" data-e-type=\"widget\" data-widget_type=\"text-editor.default\">\n\t\t\t\t<div class=\"elementor-widget-container\">\n\t\t\t\t\t\t\t\t\t<h3>Imprint<\/h3><p><strong>UPJ e.V.<br><\/strong>Peter Kromminga, Managing Director<br>Brunnenstra\u00dfe 181<br>10119 Berlin<br>T: +49 (0)30 2787 406-0<br>F: +49 (0)30 2787 406-19<br><a href=\"mailto:info@upj.de\">info@upj.de<\/a><br><a href=\"https:\/\/www.upj.de\/\" target=\"_blank\" rel=\"noopener\">www.upj.de<\/a><\/p><p> <\/p><p>Vereinsregisternummer: 17890 Amtsgericht Hamburg<br>Steuernummer: DE27\/657\/51798, USt-IdNr. DE242358691<\/p><p> <\/p><p class=\"fw-bolder pt-3 mb-1\"><strong>Board of Directors<\/strong><\/p><p>Peter Kromminga, Chairman<br>Andr\u00e9 Koch-Engelmann<br>Juliane Zeller<\/p><p> <\/p><p class=\"fw-bolder pt-3 mb-1\"><strong>Disclaimer<\/strong><\/p><p>We check and update the information on our website at regular intervals as well as when there is a current occasion. Despite all care, the data may have changed in the meantime. Therefore, we cannot assume any liability or guarantee for the topicality, correctness and completeness of the information provided. The same applies to all other websites to which reference is made by means of hyperlinks. Despite careful control of the contents, we do not assume any liability for the contents of external links. The operators of the linked pages are solely responsible for their content.<\/p><p> <\/p><p class=\"fw-bolder pt-3 mb-1\"><strong>Use of our materials<\/strong><\/p><p>You are welcome to use the information freely available on our website for your private purposes. However, any use beyond this \u2013 in particular of a commercial nature \u2013 requires our consent. In keinem Falle k\u00f6nnen wir zusichern, dass einzelne Inhalte \/ Informationen unserer Internetseite oder solcher Internetseiten, auf die ein Zugriff m\u00f6glich ist, frei von geistigen oder gewerblichen Schutzrechten Dritter sind.<br>Bei R\u00fcckfragen wenden Sie sich an <a class=\"link-dark\" title=\"E-Mail to UPJ\" href=\"mailto:info@upj.de\">info@upj.de<\/a>.<\/p><p> <\/p><p class=\"fw-bolder pt-3 mb-1\"><strong>Image credits<\/strong><\/p><p>UPJ \/ photos: Benjamin Renter<\/p><p>For the \u201eStories\u201c: \u00a9 with the organisations and Kontaktstelle Wohnen\/startsocial\/Gordon Welters<\/p><p>istockphoto.com<\/p><p> <\/p><p><strong>Design and implementation<\/strong><\/p><p>Politikwerft Designagentur | <a href=\"https:\/\/politikwerft.de\/\" target=\"_blank\" rel=\"noopener\">politikwerft.de<\/a><\/p><p>Sofia Kounti | <a href=\"https:\/\/sofiakounti.net\/\" target=\"_blank\" rel=\"noopener\">Digital Design<\/a><br>Toni Sch\u00f6nbuchner | <a href=\"http:\/\/arc-gestaltung.de\/contact\/\" target=\"_blank\" rel=\"noopener\">arc gestaltung<\/a><\/p>\t\t\t\t\t\t\t\t<\/div>\n\t\t\t\t<\/div>\n\t\t\t\t\t<\/div>\n\t\t<\/div>\n\t\t\t\t\t<\/div>\n\t\t<\/section>\n\t\t\t\t<section class=\"elementor-section elementor-top-section elementor-element elementor-element-989fd5d elementor-section-boxed elementor-section-height-default elementor-section-height-default\" data-id=\"989fd5d\" data-element_type=\"section\" data-e-type=\"section\">\n\t\t\t\t\t\t<div class=\"elementor-container elementor-column-gap-default\">\n\t\t\t\t\t<div class=\"elementor-column elementor-col-100 elementor-top-column elementor-element elementor-element-55c6ae3\" data-id=\"55c6ae3\" data-element_type=\"column\" data-e-type=\"column\">\n\t\t\t<div class=\"elementor-widget-wrap elementor-element-populated\">\n\t\t\t\t\t\t<div class=\"elementor-element elementor-element-be685c6 elementor-widget elementor-widget-spacer\" data-id=\"be685c6\" data-element_type=\"widget\" data-e-type=\"widget\" data-widget_type=\"spacer.default\">\n\t\t\t\t<div class=\"elementor-widget-container\">\n\t\t\t\t\t\t\t<div class=\"elementor-spacer\">\n\t\t\t<div class=\"elementor-spacer-inner\"><\/div>\n\t\t<\/div>\n\t\t\t\t\t\t<\/div>\n\t\t\t\t<\/div>\n\t\t\t\t\t<\/div>\n\t\t<\/div>\n\t\t\t\t\t<\/div>\n\t\t<\/section>\n\t\t\t\t<\/div>\n\t\t","protected":false},"excerpt":{"rendered":"<p>Imprint UPJ e.V.Peter Kromminga, Managing DirectorBrunnenstra\u00dfe 18110119 BerlinT: +49 (0)30 2787 406-0F: +49 (0)30 2787 406-19info@upj.dewww.upj.de Vereinsregisternummer: 17890 Amtsgericht HamburgSteuernummer: DE27\/657\/51798, USt-IdNr. DE242358691 Board of Directors Peter Kromminga, ChairmanAndr\u00e9 Koch-EngelmannJuliane [&hellip;]<\/p>\n","protected":false},"author":1,"featured_media":0,"parent":0,"menu_order":0,"comment_status":"closed","ping_status":"closed","template":"","meta":{"_acf_changed":false,"footnotes":""},"class_list":["post-9657","page","type-page","status-publish","hentry"],"acf":[],"yoast_head":"<!-- This site is optimized with the Yoast SEO plugin v27.5 - https:\/\/yoast.com\/product\/yoast-seo-wordpress\/ -->\n<title>Imprint &#8226; Pro Bono Rechtsberatung<\/title>\n<meta name=\"description\" content=\"UPJ vermittelt Pro-bono-Engagement von Anw\u00e4lt*innen und Kanzleien an gemeinn\u00fctzige Organisationen, die die finanziellen Mittel f\u00fcr eine Rechtsberatung nicht aufbringen k\u00f6nnen.\" \/>\n<meta name=\"robots\" content=\"index, follow, max-snippet:-1, max-image-preview:large, max-video-preview:-1\" \/>\n<link rel=\"canonical\" href=\"https:\/\/probono-rechtsberatung.de\/en\/imprint\/\" \/>\n<meta property=\"og:locale\" content=\"en_US\" \/>\n<meta property=\"og:type\" content=\"article\" \/>\n<meta property=\"og:title\" content=\"Imprint &#8226; Pro Bono Rechtsberatung\" \/>\n<meta property=\"og:description\" content=\"UPJ vermittelt Pro-bono-Engagement von Anw\u00e4lt*innen und Kanzleien an gemeinn\u00fctzige Organisationen, die die finanziellen Mittel f\u00fcr eine Rechtsberatung nicht aufbringen k\u00f6nnen.\" \/>\n<meta property=\"og:url\" content=\"https:\/\/probono-rechtsberatung.de\/en\/imprint\/\" \/>\n<meta property=\"og:site_name\" content=\"Pro Bono Rechtsberatung\" \/>\n<meta property=\"article:modified_time\" content=\"2026-04-20T15:23:15+00:00\" \/>\n<meta name=\"twitter:card\" content=\"summary_large_image\" \/>\n<meta name=\"twitter:label1\" content=\"Est. reading time\" \/>\n\t<meta name=\"twitter:data1\" content=\"1 minute\" \/>\n<script type=\"application\/ld+json\" class=\"yoast-schema-graph\">{\"@context\":\"https:\\\/\\\/schema.org\",\"@graph\":[{\"@type\":\"WebPage\",\"@id\":\"https:\\\/\\\/probono-rechtsberatung.de\\\/en\\\/imprint\\\/\",\"url\":\"https:\\\/\\\/probono-rechtsberatung.de\\\/en\\\/imprint\\\/\",\"name\":\"Imprint &#8226; Pro Bono Rechtsberatung\",\"isPartOf\":{\"@id\":\"https:\\\/\\\/probono-rechtsberatung.de\\\/en\\\/#website\"},\"datePublished\":\"2021-11-28T17:50:02+00:00\",\"dateModified\":\"2026-04-20T15:23:15+00:00\",\"description\":\"UPJ vermittelt Pro-bono-Engagement von Anw\u00e4lt*innen und Kanzleien an gemeinn\u00fctzige Organisationen, die die finanziellen Mittel f\u00fcr eine Rechtsberatung nicht aufbringen k\u00f6nnen.\",\"breadcrumb\":{\"@id\":\"https:\\\/\\\/probono-rechtsberatung.de\\\/en\\\/imprint\\\/#breadcrumb\"},\"inLanguage\":\"en-US\",\"potentialAction\":[{\"@type\":\"ReadAction\",\"target\":[\"https:\\\/\\\/probono-rechtsberatung.de\\\/en\\\/imprint\\\/\"]}]},{\"@type\":\"BreadcrumbList\",\"@id\":\"https:\\\/\\\/probono-rechtsberatung.de\\\/en\\\/imprint\\\/#breadcrumb\",\"itemListElement\":[{\"@type\":\"ListItem\",\"position\":1,\"name\":\"Startseite\",\"item\":\"https:\\\/\\\/probono-rechtsberatung.de\\\/en\\\/\"},{\"@type\":\"ListItem\",\"position\":2,\"name\":\"Imprint\"}]},{\"@type\":\"WebSite\",\"@id\":\"https:\\\/\\\/probono-rechtsberatung.de\\\/en\\\/#website\",\"url\":\"https:\\\/\\\/probono-rechtsberatung.de\\\/en\\\/\",\"name\":\"Pro Bono Rechtsberatung\",\"description\":\"f\u00fcr Non-Profit-Organisationen\",\"publisher\":{\"@id\":\"https:\\\/\\\/probono-rechtsberatung.de\\\/en\\\/#organization\"},\"potentialAction\":[{\"@type\":\"SearchAction\",\"target\":{\"@type\":\"EntryPoint\",\"urlTemplate\":\"https:\\\/\\\/probono-rechtsberatung.de\\\/en\\\/?s={search_term_string}\"},\"query-input\":{\"@type\":\"PropertyValueSpecification\",\"valueRequired\":true,\"valueName\":\"search_term_string\"}}],\"inLanguage\":\"en-US\"},{\"@type\":\"Organization\",\"@id\":\"https:\\\/\\\/probono-rechtsberatung.de\\\/en\\\/#organization\",\"name\":\"Pro Bono Rechtsberatung\",\"url\":\"https:\\\/\\\/probono-rechtsberatung.de\\\/en\\\/\",\"logo\":{\"@type\":\"ImageObject\",\"inLanguage\":\"en-US\",\"@id\":\"https:\\\/\\\/probono-rechtsberatung.de\\\/en\\\/#\\\/schema\\\/logo\\\/image\\\/\",\"url\":\"https:\\\/\\\/probono-rechtsberatung.de\\\/wp-content\\\/uploads\\\/2021\\\/11\\\/upj-pro_bono_weblogo-01.svg\",\"contentUrl\":\"https:\\\/\\\/probono-rechtsberatung.de\\\/wp-content\\\/uploads\\\/2021\\\/11\\\/upj-pro_bono_weblogo-01.svg\",\"width\":1010,\"height\":164,\"caption\":\"Pro Bono Rechtsberatung\"},\"image\":{\"@id\":\"https:\\\/\\\/probono-rechtsberatung.de\\\/en\\\/#\\\/schema\\\/logo\\\/image\\\/\"}}]}<\/script>\n<!-- \/ Yoast SEO plugin. -->","yoast_head_json":{"title":"Imprint &#8226; Pro Bono Rechtsberatung","description":"UPJ vermittelt Pro-bono-Engagement von Anw\u00e4lt*innen und Kanzleien an gemeinn\u00fctzige Organisationen, die die finanziellen Mittel f\u00fcr eine Rechtsberatung nicht aufbringen k\u00f6nnen.","robots":{"index":"index","follow":"follow","max-snippet":"max-snippet:-1","max-image-preview":"max-image-preview:large","max-video-preview":"max-video-preview:-1"},"canonical":"https:\/\/probono-rechtsberatung.de\/en\/imprint\/","og_locale":"en_US","og_type":"article","og_title":"Imprint &#8226; Pro Bono Rechtsberatung","og_description":"UPJ vermittelt Pro-bono-Engagement von Anw\u00e4lt*innen und Kanzleien an gemeinn\u00fctzige Organisationen, die die finanziellen Mittel f\u00fcr eine Rechtsberatung nicht aufbringen k\u00f6nnen.","og_url":"https:\/\/probono-rechtsberatung.de\/en\/imprint\/","og_site_name":"Pro Bono Rechtsberatung","article_modified_time":"2026-04-20T15:23:15+00:00","twitter_card":"summary_large_image","twitter_misc":{"Est. reading time":"1 minute"},"schema":{"@context":"https:\/\/schema.org","@graph":[{"@type":"WebPage","@id":"https:\/\/probono-rechtsberatung.de\/en\/imprint\/","url":"https:\/\/probono-rechtsberatung.de\/en\/imprint\/","name":"Imprint &#8226; Pro Bono Rechtsberatung","isPartOf":{"@id":"https:\/\/probono-rechtsberatung.de\/en\/#website"},"datePublished":"2021-11-28T17:50:02+00:00","dateModified":"2026-04-20T15:23:15+00:00","description":"UPJ vermittelt Pro-bono-Engagement von Anw\u00e4lt*innen und Kanzleien an gemeinn\u00fctzige Organisationen, die die finanziellen Mittel f\u00fcr eine Rechtsberatung nicht aufbringen k\u00f6nnen.","breadcrumb":{"@id":"https:\/\/probono-rechtsberatung.de\/en\/imprint\/#breadcrumb"},"inLanguage":"en-US","potentialAction":[{"@type":"ReadAction","target":["https:\/\/probono-rechtsberatung.de\/en\/imprint\/"]}]},{"@type":"BreadcrumbList","@id":"https:\/\/probono-rechtsberatung.de\/en\/imprint\/#breadcrumb","itemListElement":[{"@type":"ListItem","position":1,"name":"Startseite","item":"https:\/\/probono-rechtsberatung.de\/en\/"},{"@type":"ListItem","position":2,"name":"Imprint"}]},{"@type":"WebSite","@id":"https:\/\/probono-rechtsberatung.de\/en\/#website","url":"https:\/\/probono-rechtsberatung.de\/en\/","name":"Pro Bono Rechtsberatung","description":"f\u00fcr Non-Profit-Organisationen","publisher":{"@id":"https:\/\/probono-rechtsberatung.de\/en\/#organization"},"potentialAction":[{"@type":"SearchAction","target":{"@type":"EntryPoint","urlTemplate":"https:\/\/probono-rechtsberatung.de\/en\/?s={search_term_string}"},"query-input":{"@type":"PropertyValueSpecification","valueRequired":true,"valueName":"search_term_string"}}],"inLanguage":"en-US"},{"@type":"Organization","@id":"https:\/\/probono-rechtsberatung.de\/en\/#organization","name":"Pro Bono Rechtsberatung","url":"https:\/\/probono-rechtsberatung.de\/en\/","logo":{"@type":"ImageObject","inLanguage":"en-US","@id":"https:\/\/probono-rechtsberatung.de\/en\/#\/schema\/logo\/image\/","url":"https:\/\/probono-rechtsberatung.de\/wp-content\/uploads\/2021\/11\/upj-pro_bono_weblogo-01.svg","contentUrl":"https:\/\/probono-rechtsberatung.de\/wp-content\/uploads\/2021\/11\/upj-pro_bono_weblogo-01.svg","width":1010,"height":164,"caption":"Pro Bono Rechtsberatung"},"image":{"@id":"https:\/\/probono-rechtsberatung.de\/en\/#\/schema\/logo\/image\/"}}]}},"_links":{"self":[{"href":"https:\/\/probono-rechtsberatung.de\/en\/wp-json\/wp\/v2\/pages\/9657","targetHints":{"allow":["GET"]}}],"collection":[{"href":"https:\/\/probono-rechtsberatung.de\/en\/wp-json\/wp\/v2\/pages"}],"about":[{"href":"https:\/\/probono-rechtsberatung.de\/en\/wp-json\/wp\/v2\/types\/page"}],"author":[{"embeddable":true,"href":"https:\/\/probono-rechtsberatung.de\/en\/wp-json\/wp\/v2\/users\/1"}],"replies":[{"embeddable":true,"href":"https:\/\/probono-rechtsberatung.de\/en\/wp-json\/wp\/v2\/comments?post=9657"}],"version-history":[{"count":2,"href":"https:\/\/probono-rechtsberatung.de\/en\/wp-json\/wp\/v2\/pages\/9657\/revisions"}],"predecessor-version":[{"id":12352,"href":"https:\/\/probono-rechtsberatung.de\/en\/wp-json\/wp\/v2\/pages\/9657\/revisions\/12352"}],"wp:attachment":[{"href":"https:\/\/probono-rechtsberatung.de\/en\/wp-json\/wp\/v2\/media?parent=9657"}],"curies":[{"name":"wp","href":"https:\/\/api.w.org\/{rel}","templated":true}]}}